{"id":37,"date":"2021-12-09T16:55:07","date_gmt":"2021-12-09T15:55:07","guid":{"rendered":"https:\/\/mercier-eloge-zolo.com\/?page_id=37"},"modified":"2024-01-12T16:37:11","modified_gmt":"2024-01-12T16:37:11","slug":"contact","status":"publish","type":"page","link":"https:\/\/mercier-eloge-zolo.com\/index.php\/contact\/","title":{"rendered":"Contact"},"content":{"rendered":"\t\t<div data-elementor-type=\"wp-page\" data-elementor-id=\"37\" class=\"elementor elementor-37\">\n\t\t\t\t\t\t<section class=\"elementor-section elementor-top-section elementor-element elementor-element-dfd3f84 elementor-section-boxed elementor-section-height-default elementor-section-height-default\" data-id=\"dfd3f84\" data-element_type=\"section\" data-e-type=\"section\">\n\t\t\t\t\t\t<div class=\"elementor-container elementor-column-gap-default\">\n\t\t\t\t\t<div class=\"elementor-column elementor-col-100 elementor-top-column elementor-element elementor-element-bb6688f\" data-id=\"bb6688f\" data-element_type=\"column\" data-e-type=\"column\">\n\t\t\t<div class=\"elementor-widget-wrap elementor-element-populated\">\n\t\t\t\t\t\t<div class=\"elementor-element elementor-element-bd8c9db elementor-widget elementor-widget-google_maps\" data-id=\"bd8c9db\" data-element_type=\"widget\" data-e-type=\"widget\" data-widget_type=\"google_maps.default\">\n\t\t\t\t<div class=\"elementor-widget-container\">\n\t\t\t\t\t\t\t<div class=\"elementor-custom-embed\">\n\t\t\t<iframe loading=\"lazy\"\n\t\t\t\t\tsrc=\"https:\/\/maps.google.com\/maps?q=Ouagadougou%2C%20soft-global%20services&#038;t=m&#038;z=10&#038;output=embed&#038;iwloc=near\"\n\t\t\t\t\ttitle=\"Ouagadougou, soft-global services\"\n\t\t\t\t\taria-label=\"Ouagadougou, soft-global services\"\n\t\t\t><\/iframe>\n\t\t<\/div>\n\t\t\t\t\t\t<\/div>\n\t\t\t\t<\/div>\n\t\t\t\t\t<\/div>\n\t\t<\/div>\n\t\t\t\t\t<\/div>\n\t\t<\/section>\n\t\t\t\t<section class=\"elementor-section elementor-top-section elementor-element elementor-element-60f8067a elementor-section-boxed elementor-section-height-default elementor-section-height-default\" data-id=\"60f8067a\" data-element_type=\"section\" data-e-type=\"section\">\n\t\t\t\t\t\t<div class=\"elementor-container elementor-column-gap-default\">\n\t\t\t\t\t<div class=\"elementor-column elementor-col-100 elementor-top-column elementor-element elementor-element-643546e\" data-id=\"643546e\" data-element_type=\"column\" data-e-type=\"column\">\n\t\t\t<div class=\"elementor-widget-wrap elementor-element-populated\">\n\t\t\t\t\t\t<div class=\"elementor-element elementor-element-aeede61 elementor-widget elementor-widget-text-editor\" data-id=\"aeede61\" data-element_type=\"widget\" data-e-type=\"widget\" data-widget_type=\"text-editor.default\">\n\t\t\t\t<div class=\"elementor-widget-container\">\n\t\t\t\t\t\t\t\t\t<p><\/p>\n<p>Pour tous vos messages veuillez remplisser ce formulaire de contact et m&rsquo;envoyer votre message !!<\/p>\n<p><\/p>\n<p><div class=\"frm_forms  with_frm_style frm_style_style-formidable\" id=\"frm_form_2_container\" data-token=\"cf57418083a5f2d8cbf475021936e751\" data-token=\"cf57418083a5f2d8cbf475021936e751\" data-token=\"cf57418083a5f2d8cbf475021936e751\">\n<form enctype=\"multipart\/form-data\" method=\"post\" class=\"frm-show-form \" id=\"form_contact\" data-token=\"cf57418083a5f2d8cbf475021936e751\" data-token=\"cf57418083a5f2d8cbf475021936e751\" data-token=\"cf57418083a5f2d8cbf475021936e751\">\n<div class=\"frm_form_fields \">\n<fieldset>\n<legend class=\"frm_screen_reader\">Contact<\/legend>\r\n\r\n<div class=\"frm_fields_container\">\n<input type=\"hidden\" name=\"frm_action\" value=\"create\" \/>\n<input type=\"hidden\" name=\"form_id\" value=\"2\" \/>\n<input type=\"hidden\" name=\"frm_hide_fields_2\" id=\"frm_hide_fields_2\" value=\"\" \/>\n<input type=\"hidden\" name=\"form_key\" value=\"contact\" \/>\n<input type=\"hidden\" name=\"item_meta[0]\" value=\"\" \/>\n<input type=\"hidden\" id=\"frm_submit_entry_2\" name=\"frm_submit_entry_2\" value=\"9997597d90\" \/><input type=\"hidden\" name=\"_wp_http_referer\" value=\"\/index.php\/wp-json\/wp\/v2\/pages\/37\" \/><div id=\"frm_field_6_container\" class=\"frm_form_field form-field  frm_required_field frm_top_container frm_first frm_half\">\r\n    <label for=\"field_qh4icy2\" id=\"field_qh4icy2_label\" class=\"frm_primary_label\">Nom\r\n        <span class=\"frm_required\" aria-hidden=\"true\">*<\/span>\r\n    <\/label>\r\n    <input type=\"text\" id=\"field_qh4icy2\" name=\"item_meta[6]\" value=\"\"  data-reqmsg=\"Ce champ ne peut pas \u00eatre vide\" aria-required=\"true\" data-invmsg=\"Name est non valide\" aria-invalid=\"false\"   aria-describedby=\"frm_desc_field_qh4icy2\"\/>\r\n    <div class=\"frm_description\" id=\"frm_desc_field_qh4icy2\">First<\/div>\r\n    \r\n<\/div>\n<div id=\"frm_field_7_container\" class=\"frm_form_field form-field  frm_required_field frm_hidden_container frm_half\">\r\n    <label for=\"field_ocfup12\" id=\"field_ocfup12_label\" class=\"frm_primary_label\">Pr\u00e9noms\r\n        <span class=\"frm_required\" aria-hidden=\"true\">*<\/span>\r\n    <\/label>\r\n    <input type=\"text\" id=\"field_ocfup12\" name=\"item_meta[7]\" value=\"\"  data-reqmsg=\"Ce champ ne peut pas \u00eatre vide\" aria-required=\"true\" data-invmsg=\"Last est non valide\" aria-invalid=\"false\"   aria-describedby=\"frm_desc_field_ocfup12\"\/>\r\n    <div class=\"frm_description\" id=\"frm_desc_field_ocfup12\">Last<\/div>\r\n    \r\n<\/div>\n<div id=\"frm_field_8_container\" class=\"frm_form_field form-field  frm_required_field frm_top_container frm_full\">\r\n    <label for=\"field_29yf4d2\" id=\"field_29yf4d2_label\" class=\"frm_primary_label\">E-mail\r\n        <span class=\"frm_required\" aria-hidden=\"true\">*<\/span>\r\n    <\/label>\r\n    <input type=\"email\" id=\"field_29yf4d2\" name=\"item_meta[8]\" value=\"\"  data-reqmsg=\"Ce champ ne peut pas \u00eatre vide\" aria-required=\"true\" data-invmsg=\"Please enter a valid email address\" aria-invalid=\"false\"  \/>\r\n    \r\n    \r\n<\/div>\n<div id=\"frm_field_11_container\" class=\"frm_form_field form-field  frm_required_field frm_top_container\">\r\n    <label for=\"field_zo357\" id=\"field_zo357_label\" class=\"frm_primary_label\">Lieu de r\u00e9sidence \r\n        <span class=\"frm_required\" aria-hidden=\"true\">*<\/span>\r\n    <\/label>\r\n    \t\t<select name=\"item_meta[11]\" id=\"field_zo357\"  data-reqmsg=\"Lieu de r\u00e9sidence  ne peut pas \u00eatre vide.\" aria-required=\"true\" data-invmsg=\"Lieu de r\u00e9sidence  est non valide\" aria-invalid=\"false\"  >\n\t\t<option  value=\"Afghanistan\">Afghanistan<\/option><option  value=\"Afrique du Sud\">Afrique du Sud<\/option><option  value=\"Albanie\">Albanie<\/option><option  value=\"Alg\u00e9rie\">Alg\u00e9rie<\/option><option  value=\"Allemagne\">Allemagne<\/option><option  value=\"Andore\">Andore<\/option><option  value=\"Angolie\">Angolie<\/option><option  value=\"Anguilla\">Anguilla<\/option><option  value=\"Antartique\">Antartique<\/option><option  value=\"Antigua and Barbuda\">Antigua and Barbuda<\/option><option  value=\"Arabie Saoudite\">Arabie Saoudite<\/option><option  value=\"Argentine\">Argentine<\/option><option  value=\"Arm\u00e9nie\">Arm\u00e9nie<\/option><option  value=\"Aruba\">Aruba<\/option><option  value=\"Australie\">Australie<\/option><option  value=\"Australier\">Australier<\/option><option  value=\"Azerbaijan\">Azerbaijan<\/option><option  value=\"Bahamas\">Bahamas<\/option><option  value=\"Bahre\u00efn\">Bahre\u00efn<\/option><option  value=\"Barbade (la)\">Barbade (la)<\/option><option  value=\"Belarus\">Belarus<\/option><option  value=\"Belgique\">Belgique<\/option><option  value=\"Belize\">Belize<\/option><option  value=\"Bengladesh\">Bengladesh<\/option><option  value=\"Benin\">Benin<\/option><option  value=\"Bermude\">Bermude<\/option><option  value=\"Bhoutan\">Bhoutan<\/option><option  value=\"Bolivie\">Bolivie<\/option><option  value=\"Bonaire, Sint Eustatius and Saba\">Bonaire, Sint Eustatius and Saba<\/option><option  value=\"Bosnie et Herzegovie\">Bosnie et Herzegovie<\/option><option  value=\"Botswana\">Botswana<\/option><option  value=\"British Indian Ocean Territory\">British Indian Ocean Territory<\/option><option  value=\"Brunei\">Brunei<\/option><option  value=\"Br\u00e9sil\">Br\u00e9sil<\/option><option  value=\"Bulgarie\">Bulgarie<\/option><option  value=\"Burkina Faso\">Burkina Faso<\/option><option  value=\"Burundi\">Burundi<\/option><option  value=\"Cambodge\">Cambodge<\/option><option  value=\"Cameroun\">Cameroun<\/option><option  value=\"Canada\">Canada<\/option><option  value=\"Cap vert\">Cap vert<\/option><option  value=\"Chile\">Chile<\/option><option  value=\"Chine\">Chine<\/option><option  value=\"Christmas Island\">Christmas Island<\/option><option  value=\"Chypre\">Chypre<\/option><option  value=\"Cit\u00e9 du Vatican\">Cit\u00e9 du Vatican<\/option><option  value=\"Cocos (Keeling) Islands\">Cocos (Keeling) Islands<\/option><option  value=\"Colombie\">Colombie<\/option><option  value=\"Comores\">Comores<\/option><option  value=\"Congo\">Congo<\/option><option  value=\"Cook Islands\">Cook Islands<\/option><option  value=\"Cor\u00e9e du Nord\">Cor\u00e9e du Nord<\/option><option  value=\"Cor\u00e9e du sud\">Cor\u00e9e du sud<\/option><option  value=\"Costa Rica\">Costa Rica<\/option><option  value=\"Croatie\">Croatie<\/option><option  value=\"Cuba\">Cuba<\/option><option  value=\"Cura\u00e7ao\">Cura\u00e7ao<\/option><option  value=\"C\u00f4te d&#039;Ivoire\">C\u00f4te d&#039;Ivoire<\/option><option  value=\"Danemarque\">Danemarque<\/option><option  value=\"Djibouti\">Djibouti<\/option><option  value=\"Dominique\">Dominique<\/option><option  value=\"Espagne\">Espagne<\/option><option  value=\"Estonie\">Estonie<\/option><option  value=\"Falkland Islands (Malvinas)\">Falkland Islands (Malvinas)<\/option><option  value=\"Faroe Islands\">Faroe Islands<\/option><option  value=\"Fidji\">Fidji<\/option><option  value=\"Finlande\">Finlande<\/option><option  value=\"France\">France<\/option><option  value=\"French Southern Territories\">French Southern Territories<\/option><option  value=\"Gabon\">Gabon<\/option><option  value=\"Gambie\">Gambie<\/option><option  value=\"Ghana\">Ghana<\/option><option  value=\"Gibraltar\">Gibraltar<\/option><option  value=\"Grenade\">Grenade<\/option><option  value=\"Groenland\">Groenland<\/option><option  value=\"Gr\u00e8ce\">Gr\u00e8ce<\/option><option  value=\"Guadeloupe\">Guadeloupe<\/option><option  value=\"Guam\">Guam<\/option><option  value=\"Guatemala\">Guatemala<\/option><option  value=\"Guernesey\">Guernesey<\/option><option  value=\"Guin\u00e9e\">Guin\u00e9e<\/option><option  value=\"Guin\u00e9e Bissau\">Guin\u00e9e Bissau<\/option><option  value=\"Guin\u00e9e \u00c9quatoriale\">Guin\u00e9e \u00c9quatoriale<\/option><option  value=\"Guyane\">Guyane<\/option><option  value=\"Guyane Fran\u00e7aise\">Guyane Fran\u00e7aise<\/option><option  value=\"G\u00e9orgie\">G\u00e9orgie<\/option><option  value=\"Haiti\">Haiti<\/option><option  value=\"Heard Island and McDonald Islands\">Heard Island and McDonald Islands<\/option><option  value=\"Holy See\">Holy See<\/option><option  value=\"Honduras\">Honduras<\/option><option  value=\"Hong Kong\">Hong Kong<\/option><option  value=\"Hongrie\">Hongrie<\/option><option  value=\"Inde\">Inde<\/option><option  value=\"Indon\u00e9sie\">Indon\u00e9sie<\/option><option  value=\"Iran\">Iran<\/option><option  value=\"Iraq\">Iraq<\/option><option  value=\"Irlande\">Irlande<\/option><option  value=\"Islande\">Islande<\/option><option  value=\"Isle of Man\">Isle of Man<\/option><option  value=\"Isra\u00ebl\">Isra\u00ebl<\/option><option  value=\"Italie\">Italie<\/option><option  value=\"Jama\u00efque\">Jama\u00efque<\/option><option  value=\"Japon\">Japon<\/option><option  value=\"Jersey\">Jersey<\/option><option  value=\"Jordanie\">Jordanie<\/option><option  value=\"Kazakhstan\">Kazakhstan<\/option><option  value=\"Kenia\">Kenia<\/option><option  value=\"Kirghizistan\">Kirghizistan<\/option><option  value=\"Kiribati\">Kiribati<\/option><option  value=\"Kosovo\">Kosovo<\/option><option  value=\"Koweit\">Koweit<\/option><option  value=\"Laos\">Laos<\/option><option  value=\"Lesotho\">Lesotho<\/option><option  value=\"Lettonie\">Lettonie<\/option><option  value=\"Liban\">Liban<\/option><option  value=\"Libye\">Libye<\/option><option  value=\"Lib\u00e9ria\">Lib\u00e9ria<\/option><option  value=\"Liechtenstein\">Liechtenstein<\/option><option  value=\"Lituanie\">Lituanie<\/option><option  value=\"Luxembourg\">Luxembourg<\/option><option  value=\"Macao\">Macao<\/option><option  value=\"Mac\u00e9doine\">Mac\u00e9doine<\/option><option  value=\"Madagascar\">Madagascar<\/option><option  value=\"Malaisie\">Malaisie<\/option><option  value=\"Malawi\">Malawi<\/option><option  value=\"Maldives\">Maldives<\/option><option  value=\"Mali\">Mali<\/option><option  value=\"Malte\">Malte<\/option><option  value=\"Maroc\">Maroc<\/option><option  value=\"Martinique\">Martinique<\/option><option  value=\"Mauritanie\">Mauritanie<\/option><option  value=\"Mayotte\">Mayotte<\/option><option  value=\"Mexique\">Mexique<\/option><option  value=\"Micron\u00e9sie\">Micron\u00e9sie<\/option><option  value=\"Moldavie\">Moldavie<\/option><option  value=\"Monaco\">Monaco<\/option><option  value=\"Mongolie\">Mongolie<\/option><option  value=\"Montserrat\">Montserrat<\/option><option  value=\"Mont\u00e9n\u00e9gro\">Mont\u00e9n\u00e9gro<\/option><option  value=\"Mozambique\">Mozambique<\/option><option  value=\"Myanmar\">Myanmar<\/option><option  value=\"Namibie\">Namibie<\/option><option  value=\"Nauru\">Nauru<\/option><option  value=\"Nepal\">Nepal<\/option><option  value=\"Nicaragua\">Nicaragua<\/option><option  value=\"Niger\">Niger<\/option><option  value=\"Nigeria\">Nigeria<\/option><option  value=\"Niue\">Niue<\/option><option  value=\"Norfolk Island\">Norfolk Island<\/option><option  value=\"Norv\u00e8ge\">Norv\u00e8ge<\/option><option  value=\"Nouvelle Z\u00e9lande\">Nouvelle Z\u00e9lande<\/option><option  value=\"Nouvelle-Cal\u00e9donie\">Nouvelle-Cal\u00e9donie<\/option><option  value=\"Oman\">Oman<\/option><option  value=\"Ouganda\">Ouganda<\/option><option  value=\"Ouzb\u00e9kistan\">Ouzb\u00e9kistan<\/option><option  value=\"Pakistan\">Pakistan<\/option><option  value=\"Palau\">Palau<\/option><option  value=\"Palestine\">Palestine<\/option><option  value=\"Panama\">Panama<\/option><option  value=\"Papouasie-Nouvelle-Guin\u00e9e\">Papouasie-Nouvelle-Guin\u00e9e<\/option><option  value=\"Paraguay\">Paraguay<\/option><option  value=\"Pays-bas\">Pays-bas<\/option><option  value=\"Philippines\">Philippines<\/option><option  value=\"Pitcairn\">Pitcairn<\/option><option  value=\"Pologne\">Pologne<\/option><option  value=\"Polyn\u00e9sie Fran\u00e7aise\">Polyn\u00e9sie Fran\u00e7aise<\/option><option  value=\"Portugal\">Portugal<\/option><option  value=\"Puerto Rico\">Puerto Rico<\/option><option  value=\"P\u00e9rou\">P\u00e9rou<\/option><option  value=\"Qatar\">Qatar<\/option><option  value=\"Reunion\">Reunion<\/option><option  value=\"Roumanie\">Roumanie<\/option><option  value=\"Rouwanda\">Rouwanda<\/option><option  value=\"Royaume-Uni\">Royaume-Uni<\/option><option  value=\"Russie\">Russie<\/option><option  value=\"R\u00e9publique Dominicaine\">R\u00e9publique Dominicaine<\/option><option  value=\"R\u00e9publique Tch\u00e8que\">R\u00e9publique Tch\u00e8que<\/option><option  value=\"R\u00e9publique centrafricaine\">R\u00e9publique centrafricaine<\/option><option  value=\"Saint Barthelemy\">Saint Barthelemy<\/option><option  value=\"Saint Helena, Ascension and Tristan da Cunha\">Saint Helena, Ascension and Tristan da Cunha<\/option><option  value=\"Saint Martin (French part)\">Saint Martin (French part)<\/option><option  value=\"Saint Pierre and Miquelon\">Saint Pierre and Miquelon<\/option><option  value=\"Saint Vincent et les Grenadines\">Saint Vincent et les Grenadines<\/option><option  value=\"Saint-Christophe-et-Ni\u00e9v\u00e8s\">Saint-Christophe-et-Ni\u00e9v\u00e8s<\/option><option  value=\"Salvador (le)\">Salvador (le)<\/option><option  value=\"Samoa\">Samoa<\/option><option  value=\"San Marino\">San Marino<\/option><option  value=\"Sante Lucie\">Sante Lucie<\/option><option  value=\"Sao Tome and Principe\">Sao Tome and Principe<\/option><option  value=\"Senegal\">Senegal<\/option><option  value=\"Serbia\">Serbia<\/option><option  value=\"Seychelles\">Seychelles<\/option><option  value=\"Sierra Leone\">Sierra Leone<\/option><option  value=\"Singapour\">Singapour<\/option><option  value=\"Sint Maarten (Dutch part)\">Sint Maarten (Dutch part)<\/option><option  value=\"Slovaquie\">Slovaquie<\/option><option  value=\"Slov\u00e9nie\">Slov\u00e9nie<\/option><option  value=\"Somalie\">Somalie<\/option><option  value=\"Soudan\">Soudan<\/option><option  value=\"Soudan du Sud\">Soudan du Sud<\/option><option  value=\"South Georgia and the South Sandwich Islands\">South Georgia and the South Sandwich Islands<\/option><option  value=\"Sri Lanka\">Sri Lanka<\/option><option  value=\"Suisse\">Suisse<\/option><option  value=\"Surinam\">Surinam<\/option><option  value=\"Su\u00e8de\">Su\u00e8de<\/option><option  value=\"Svalbard and Jan Mayen\">Svalbard and Jan Mayen<\/option><option  value=\"Swaziland\">Swaziland<\/option><option  value=\"Syrie\">Syrie<\/option><option  value=\"Tadjikistan\">Tadjikistan<\/option><option  value=\"Taiwan\">Taiwan<\/option><option  value=\"Tanzanie\">Tanzanie<\/option><option  value=\"Tchad\">Tchad<\/option><option  value=\"Tha\u00eflande\">Tha\u00eflande<\/option><option  value=\"Timor-Leste\">Timor-Leste<\/option><option  value=\"Timor-Oriental\">Timor-Oriental<\/option><option  value=\"Togo\">Togo<\/option><option  value=\"Tokelau\">Tokelau<\/option><option  value=\"Tonga\">Tonga<\/option><option  value=\"Trinit\u00e9 et Tobago\">Trinit\u00e9 et Tobago<\/option><option  value=\"Tunisie\">Tunisie<\/option><option  value=\"Turkm\u00e9nistan\">Turkm\u00e9nistan<\/option><option  value=\"Turks and Caicos Islands\">Turks and Caicos Islands<\/option><option  value=\"Turquie\">Turquie<\/option><option  value=\"Tuvalu\">Tuvalu<\/option><option  value=\"Ukraine\">Ukraine<\/option><option  value=\"United States Minor Outlying Islands\">United States Minor Outlying Islands<\/option><option  value=\"Uruguay\">Uruguay<\/option><option  value=\"Vanuatu\">Vanuatu<\/option><option  value=\"Vietnam\">Vietnam<\/option><option  value=\"V\u00e9n\u00e9zu\u00e9la\">V\u00e9n\u00e9zu\u00e9la<\/option><option  value=\"Wallis and Futuna\">Wallis and Futuna<\/option><option  value=\"Western Sahara\">Western Sahara<\/option><option  value=\"Y\u00e9men\">Y\u00e9men<\/option><option  value=\"Zambie\">Zambie<\/option><option  value=\"Zimbabwe\">Zimbabwe<\/option><option  value=\"\u00c9gypte\">\u00c9gypte<\/option><option  value=\"\u00c9mirats Arabes Unis\">\u00c9mirats Arabes Unis<\/option><option  value=\"\u00c9quateur\">\u00c9quateur<\/option><option  value=\"\u00c9rythr\u00e9e (l\u2019)\">\u00c9rythr\u00e9e (l\u2019)<\/option><option  value=\"\u00c9tats-Unis\">\u00c9tats-Unis<\/option><option  value=\"\u00c9thiopie\">\u00c9thiopie<\/option><option  value=\"\u00cele Bouvet\">\u00cele Bouvet<\/option><option  value=\"\u00cele Maurice\">\u00cele Maurice<\/option><option  value=\"\u00celes Ca\u00efmans\">\u00celes Ca\u00efmans<\/option><option  value=\"\u00celes Falkland\">\u00celes Falkland<\/option><option  value=\"\u00celes Mariannes du Nord\">\u00celes Mariannes du Nord<\/option><option  value=\"\u00celes Marshall\">\u00celes Marshall<\/option><option  value=\"\u00celes Salomon\">\u00celes Salomon<\/option><option  value=\"\u00celes Samoa Am\u00e9ricaines\">\u00celes Samoa Am\u00e9ricaines<\/option><option  value=\"\u00celes Vierges britanniques\">\u00celes Vierges britanniques<\/option><option  value=\"\u00celes Vierges des \u00c9tats-Unis\">\u00celes Vierges des \u00c9tats-Unis<\/option>\t<\/select>\n\t\r\n    \r\n    \r\n<\/div>\n<div id=\"frm_field_10_container\" class=\"frm_form_field form-field  frm_required_field frm_top_container frm_full\">\r\n    <label for=\"field_9jv0r12\" id=\"field_9jv0r12_label\" class=\"frm_primary_label\">Message\r\n        <span class=\"frm_required\" aria-hidden=\"true\">*<\/span>\r\n    <\/label>\r\n    <textarea name=\"item_meta[10]\" id=\"field_9jv0r12\" rows=\"5\"  data-reqmsg=\"Ce champ ne peut pas \u00eatre vide\" aria-required=\"true\" data-invmsg=\"Message est non valide\" aria-invalid=\"false\"  ><\/textarea>\r\n    \r\n    \r\n<\/div>\n<div id=\"frm_field_12_container\" class=\"frm_form_field form-field \">\n\t<div class=\"frm_submit\">\r\n\r\n<button class=\"frm_button_submit\" type=\"submit\"  >Envoyer le message<\/button>\r\n\r\n<\/div>\n<\/div>\n\t<input type=\"hidden\" name=\"item_key\" value=\"\" \/>\n\t\t\t<div id=\"frm_field_15_container\">\n\t\t\t<label for=\"field_lxkxu\" >\n\t\t\t\tSi vous \u00eates un humain, ne remplissez pas ce champ.\t\t\t<\/label>\n\t\t\t<input  id=\"field_lxkxu\" type=\"text\" class=\"frm_form_field form-field frm_verify\" name=\"item_meta[15]\" value=\"\"  \/>\n\t\t<\/div>\n\t\t<input name=\"frm_state\" type=\"hidden\" value=\"qiUgvMaOTgJC4O5mk2zZtWkFJGS3GjYRB7EVd7+SiGM=\" \/><\/div>\n<\/fieldset>\n<\/div>\n\n<\/form>\n<\/div>\n<\/p>\t\t\t\t\t\t\t\t<\/div>\n\t\t\t\t<\/div>\n\t\t\t\t\t<\/div>\n\t\t<\/div>\n\t\t\t\t\t<\/div>\n\t\t<\/section>\n\t\t\t\t<\/div>\n\t\t<!-- AddThis Advanced Settings generic via filter on the_content --><!-- AddThis Share Buttons generic via filter on the_content -->","protected":false},"excerpt":{"rendered":"<p>Pour tous vos messages veuillez remplisser ce formulaire de contact et m&rsquo;envoyer votre message !!<!-- AddThis Advanced Settings generic via filter on get_the_excerpt --><!-- AddThis Share Buttons generic via filter on get_the_excerpt --><\/p>\n","protected":false},"author":1,"featured_media":0,"parent":0,"menu_order":0,"comment_status":"closed","ping_status":"closed","template":"","meta":{"om_disable_all_campaigns":false,"_monsterinsights_skip_tracking":false,"_monsterinsights_sitenote_active":false,"_monsterinsights_sitenote_note":"","_monsterinsights_sitenote_category":0,"footnotes":""},"class_list":["post-37","page","type-page","status-publish","hentry"],"_links":{"self":[{"href":"https:\/\/mercier-eloge-zolo.com\/index.php\/wp-json\/wp\/v2\/pages\/37","targetHints":{"allow":["GET"]}}],"collection":[{"href":"https:\/\/mercier-eloge-zolo.com\/index.php\/wp-json\/wp\/v2\/pages"}],"about":[{"href":"https:\/\/mercier-eloge-zolo.com\/index.php\/wp-json\/wp\/v2\/types\/page"}],"author":[{"embeddable":true,"href":"https:\/\/mercier-eloge-zolo.com\/index.php\/wp-json\/wp\/v2\/users\/1"}],"replies":[{"embeddable":true,"href":"https:\/\/mercier-eloge-zolo.com\/index.php\/wp-json\/wp\/v2\/comments?post=37"}],"version-history":[{"count":13,"href":"https:\/\/mercier-eloge-zolo.com\/index.php\/wp-json\/wp\/v2\/pages\/37\/revisions"}],"predecessor-version":[{"id":675,"href":"https:\/\/mercier-eloge-zolo.com\/index.php\/wp-json\/wp\/v2\/pages\/37\/revisions\/675"}],"wp:attachment":[{"href":"https:\/\/mercier-eloge-zolo.com\/index.php\/wp-json\/wp\/v2\/media?parent=37"}],"curies":[{"name":"wp","href":"https:\/\/api.w.org\/{rel}","templated":true}]}}